{"id":278,"date":"1999-11-20T16:00:52","date_gmt":"1999-11-20T15:00:52","guid":{"rendered":"http:\/\/www.liebetanz.com\/hsl\/?page_id=278"},"modified":"2020-08-05T11:32:23","modified_gmt":"2020-08-05T09:32:23","slug":"gericht-verurteilte-kunstbetrugerin","status":"publish","type":"page","link":"https:\/\/www.liebetanz.com\/hsl\/?page_id=278","title":{"rendered":"Gericht verurteilte Kunstbetr\u00fcgerin"},"content":{"rendered":"<div id=\"id1\" class=\"style_SkipStroke shape-with-text\">\n<div class=\"text-content Normal_External_410_32\">\n<div class=\"Normal\">\n<p class=\"Title\">Nun mu\u00df Natavan Aleskerova doch l\u00e4nger in New York bleiben, als ihr lieb ist. Die Angeklagte im Beutekunst-Proze\u00df der \u201eBremer Bl\u00e4tter&#8221; (s. WK vom 17.5.) wurde am Donnerstagnachmittag um 15.30 Uhr Ortszeit von einer zw\u00f6lfk\u00f6pfigen Jury nach anderthalbt\u00e4giger Beratung in allen drei Anklagepunkten f\u00fcr schuldig befunden: Planung einer Straftat, Handel mit gestohlenen Kunstg\u00fctern aus der Bremer Kunsthalle (darunter Stiche von D\u00fcrer, Ruisdael, u.a.) sowie aus dem Nationalmuseum in Baku). Sie wird nun mit Gef\u00e4ngnis zwischen drei und f\u00fcnf Jahren bestraft.<\/p>\n<\/div>\n<\/div>\n<\/div>\n<div class=\"style_SkipStroke_1 shape-with-text flowDefining\">\n<div class=\"text-content style_External_410_1210\">\n<div class=\"style\">\n<p class=\"Body\">Die vierundvierzigj\u00e4hrige Aserbaidschanerin hatte vor dem dreieinhalb Wochen dauernden Proze\u00df im United States District Court immer ihre Unschuld beteuert. In dem Verfahren selber hat sie von ihrem Recht Gebrauch gemacht, die Aussage zu verweigern. Erst nachdem heute die Jury einstimmig das Urteil gef\u00e4llt hatte, meldete sie sich zu Wort und bat um Verst\u00e4ndnis, als die zust\u00e4ndige Richterin dar\u00fcber entscheiden sollte, ob Natavan Aleskerova weiterhin gegen Kaution auf freiem Fu\u00df bleiben darf. Wegen der gro\u00dfen Fluchtgefahr wurde dem Antrag der Verteidigung aber nicht zugestimmt.<\/p>\n<p class=\"Body\">Es war das erste Mal, da\u00df diese gepflegte, streng wirkende Frau die Fassung verlor. In den drei Wochen der Verhandlung hatte sie ohne besondere Anteilnahme den Aussagen der Belastungszeugen zugeh\u00f6rt und war anscheinend \u00fcberzeugt, freigesprochen zu werden, da nur Indizien gegen sie sprachen. Allerdings waren die Fakten gegen sie so erdr\u00fcckend, da\u00df es verwunderte, wieso Frau Aleskerova, die jahrelang in Aserbaidschan als Staatsanw\u00e4ltin gearbeitet hatte, sich so sicher w\u00e4hnte.<\/p>\n<p class=\"Body\">Die Vereinigten Staaten haben hier einen recht kostspieligen Proze\u00df gef\u00fchrt. Zeugen wurden f\u00fcr mehrere Tage aus Aserbaidschan, Japan und Deutschland eingeflogen, Hotel und Verpflegung wurden vom Steuerzahler \u00fcbernommen. Es sollte ein eindeutiges Signal an die internationale Kunst-Szene gegeben werden, da\u00df hier das erste Mal den Hinterm\u00e4nnern des illegalen Handels mit Kunstg\u00fctern das Handwerk gelegt wurde. Normalerweise werden in solchen F\u00e4llen nur die Strohm\u00e4nner verurteilt, die sich f\u00fcr ein \u201eTrinkgeld&#8221; die Finger verbrennen.<\/p>\n<p class=\"Body\">Bis das Urteil rechtskr\u00e4ftig ist, m\u00fcssen die Bl\u00e4tter aus Bremen allerdings als Beweisst\u00fccke in New York bleiben. Sollte Natavan Aleskerova Widerspruch gegen das Urteil einlegen, k\u00f6nnte sich dies noch um Jahre hinziehen.<\/p>\n<p class=\"Body\">Damit der U.S. Zoll die Bl\u00e4tter der Bremer Kunsthalle zur\u00fcckgeben kann, mu\u00df anschlie\u00dfend auch noch die Eigent\u00fcmerfrage gekl\u00e4rt werden. Die aserbaidschanische Regierung hat n\u00e4mlich in einer \u201eNote Verbale&#8221; an das State Department die beschlagnahmten Bl\u00e4tter aus Bremen f\u00fcr sich beansprucht. Das Deutsche Ausw\u00e4rtige Amt hat klargestellt, da\u00df die Bl\u00e4tter eindeutig der Bremer Kunsthalle geh\u00f6ren, da sie unter Bruch internationalen Rechts in den Wirren am Ende des zweiten Weltkrieges \u00fcber die UdSSR nach Aserbaidschan verschleppt wurden.<\/p>\n<p class=\"Body\">Sollte es nicht gelingen, Baku auf diplomatischem Wege von dieser Rechtslage zu \u00fcberzeugen, mu\u00df die Kunsthalle noch einen Zivilproze\u00df auf R\u00fcckgabe anstrengen. Experten glauben, da\u00df Bremen hierbei gro\u00dfe Chancen haben wird.<\/p>\n<p class=\"Body\"><a href=\"https:\/\/www.liebetanz.com\/hsl\/journalism\/\">Back<\/a><\/p>\n<\/div>\n<\/div>\n<\/div>\n","protected":false},"excerpt":{"rendered":"<p>Nun mu\u00df Natavan Aleskerova doch l\u00e4nger in New York bleiben, als ihr lieb ist. Die Angeklagte im Beutekunst-Proze\u00df der \u201eBremer Bl\u00e4tter&#8221; (s. WK vom 17.5.) wurde am Donnerstagnachmittag um 15.30 Uhr Ortszeit von einer zw\u00f6lfk\u00f6pfigen Jury nach anderthalbt\u00e4giger Beratung in allen drei Anklagepunkten f\u00fcr schuldig befunden: Planung einer Straftat, Handel mit gestohlenen Kunstg\u00fctern aus der &hellip; <\/p>\n<p class=\"link-more\"><a href=\"https:\/\/www.liebetanz.com\/hsl\/?page_id=278\" class=\"more-link\">Continue reading<span class=\"screen-reader-text\"> &#8220;Gericht verurteilte Kunstbetr\u00fcgerin&#8221;<\/span><\/a><\/p>\n","protected":false},"author":1,"featured_media":0,"parent":226,"menu_order":0,"comment_status":"closed","ping_status":"closed","template":"","meta":{"_acf_changed":false,"footnotes":""},"class_list":["post-278","page","type-page","status-publish","hentry","entry"],"acf":[],"yoast_head":"<!-- This site is optimized with the Yoast SEO plugin v27.4 - https:\/\/yoast.com\/product\/yoast-seo-wordpress\/ -->\n<title>Gericht verurteilte Kunstbetr\u00fcgerin - Horst Seele-Liebetanz<\/title>\n<meta name=\"robots\" content=\"index, follow, max-snippet:-1, max-image-preview:large, max-video-preview:-1\" \/>\n<link rel=\"canonical\" href=\"https:\/\/www.liebetanz.com\/hsl\/?page_id=278\" \/>\n<meta property=\"og:locale\" content=\"en_US\" \/>\n<meta property=\"og:type\" content=\"article\" \/>\n<meta property=\"og:title\" content=\"Gericht verurteilte Kunstbetr\u00fcgerin - Horst Seele-Liebetanz\" \/>\n<meta property=\"og:description\" content=\"Nun mu\u00df Natavan Aleskerova doch l\u00e4nger in New York bleiben, als ihr lieb ist. Die Angeklagte im Beutekunst-Proze\u00df der \u201eBremer Bl\u00e4tter&#8221; (s. WK vom 17.5.) wurde am Donnerstagnachmittag um 15.30 Uhr Ortszeit von einer zw\u00f6lfk\u00f6pfigen Jury nach anderthalbt\u00e4giger Beratung in allen drei Anklagepunkten f\u00fcr schuldig befunden: Planung einer Straftat, Handel mit gestohlenen Kunstg\u00fctern aus der &hellip; Continue reading &quot;Gericht verurteilte Kunstbetr\u00fcgerin&quot;\" \/>\n<meta property=\"og:url\" content=\"https:\/\/www.liebetanz.com\/hsl\/?page_id=278\" \/>\n<meta property=\"og:site_name\" content=\"Horst Seele-Liebetanz\" \/>\n<meta property=\"article:modified_time\" content=\"2020-08-05T09:32:23+00:00\" \/>\n<meta name=\"twitter:card\" content=\"summary_large_image\" \/>\n<meta name=\"twitter:site\" content=\"@HorstSL\" \/>\n<meta name=\"twitter:label1\" content=\"Est. reading time\" \/>\n\t<meta name=\"twitter:data1\" content=\"2 minutes\" \/>\n<script type=\"application\/ld+json\" class=\"yoast-schema-graph\">{\"@context\":\"https:\\\/\\\/schema.org\",\"@graph\":[{\"@type\":\"WebPage\",\"@id\":\"https:\\\/\\\/www.liebetanz.com\\\/hsl\\\/?page_id=278\",\"url\":\"https:\\\/\\\/www.liebetanz.com\\\/hsl\\\/?page_id=278\",\"name\":\"Gericht verurteilte Kunstbetr\u00fcgerin - Horst Seele-Liebetanz\",\"isPartOf\":{\"@id\":\"https:\\\/\\\/www.liebetanz.com\\\/hsl\\\/#website\"},\"datePublished\":\"1999-11-20T15:00:52+00:00\",\"dateModified\":\"2020-08-05T09:32:23+00:00\",\"breadcrumb\":{\"@id\":\"https:\\\/\\\/www.liebetanz.com\\\/hsl\\\/?page_id=278#breadcrumb\"},\"inLanguage\":\"en\",\"potentialAction\":[{\"@type\":\"ReadAction\",\"target\":[\"https:\\\/\\\/www.liebetanz.com\\\/hsl\\\/?page_id=278\"]}]},{\"@type\":\"BreadcrumbList\",\"@id\":\"https:\\\/\\\/www.liebetanz.com\\\/hsl\\\/?page_id=278#breadcrumb\",\"itemListElement\":[{\"@type\":\"ListItem\",\"position\":1,\"name\":\"Home\",\"item\":\"https:\\\/\\\/www.liebetanz.com\\\/hsl\"},{\"@type\":\"ListItem\",\"position\":2,\"name\":\"Journalism\",\"item\":\"https:\\\/\\\/www.liebetanz.com\\\/hsl\\\/?page_id=226\"},{\"@type\":\"ListItem\",\"position\":3,\"name\":\"Gericht verurteilte Kunstbetr\u00fcgerin\"}]},{\"@type\":\"WebSite\",\"@id\":\"https:\\\/\\\/www.liebetanz.com\\\/hsl\\\/#website\",\"url\":\"https:\\\/\\\/www.liebetanz.com\\\/hsl\\\/\",\"name\":\"Horst Seele-Liebetanz\",\"description\":\"&quot;The most difficult thing is the decision to act, the rest is merely tenacity.&rdquo; (Emilia Earhart)\",\"publisher\":{\"@id\":\"https:\\\/\\\/www.liebetanz.com\\\/hsl\\\/#\\\/schema\\\/person\\\/37e35215e685994cd3674288e2d475b5\"},\"potentialAction\":[{\"@type\":\"SearchAction\",\"target\":{\"@type\":\"EntryPoint\",\"urlTemplate\":\"https:\\\/\\\/www.liebetanz.com\\\/hsl\\\/?s={search_term_string}\"},\"query-input\":{\"@type\":\"PropertyValueSpecification\",\"valueRequired\":true,\"valueName\":\"search_term_string\"}}],\"inLanguage\":\"en\"},{\"@type\":[\"Person\",\"Organization\"],\"@id\":\"https:\\\/\\\/www.liebetanz.com\\\/hsl\\\/#\\\/schema\\\/person\\\/37e35215e685994cd3674288e2d475b5\",\"name\":\"Horst Seele-Liebetanz\",\"logo\":{\"@id\":\"https:\\\/\\\/www.liebetanz.com\\\/hsl\\\/#\\\/schema\\\/person\\\/image\\\/\"},\"description\":\"Digital Ethicist, Political Communication, Psychology\"}]}<\/script>\n<!-- \/ Yoast SEO plugin. -->","yoast_head_json":{"title":"Gericht verurteilte Kunstbetr\u00fcgerin - Horst Seele-Liebetanz","robots":{"index":"index","follow":"follow","max-snippet":"max-snippet:-1","max-image-preview":"max-image-preview:large","max-video-preview":"max-video-preview:-1"},"canonical":"https:\/\/www.liebetanz.com\/hsl\/?page_id=278","og_locale":"en_US","og_type":"article","og_title":"Gericht verurteilte Kunstbetr\u00fcgerin - Horst Seele-Liebetanz","og_description":"Nun mu\u00df Natavan Aleskerova doch l\u00e4nger in New York bleiben, als ihr lieb ist. Die Angeklagte im Beutekunst-Proze\u00df der \u201eBremer Bl\u00e4tter&#8221; (s. WK vom 17.5.) wurde am Donnerstagnachmittag um 15.30 Uhr Ortszeit von einer zw\u00f6lfk\u00f6pfigen Jury nach anderthalbt\u00e4giger Beratung in allen drei Anklagepunkten f\u00fcr schuldig befunden: Planung einer Straftat, Handel mit gestohlenen Kunstg\u00fctern aus der &hellip; Continue reading \"Gericht verurteilte Kunstbetr\u00fcgerin\"","og_url":"https:\/\/www.liebetanz.com\/hsl\/?page_id=278","og_site_name":"Horst Seele-Liebetanz","article_modified_time":"2020-08-05T09:32:23+00:00","twitter_card":"summary_large_image","twitter_site":"@HorstSL","twitter_misc":{"Est. reading time":"2 minutes"},"schema":{"@context":"https:\/\/schema.org","@graph":[{"@type":"WebPage","@id":"https:\/\/www.liebetanz.com\/hsl\/?page_id=278","url":"https:\/\/www.liebetanz.com\/hsl\/?page_id=278","name":"Gericht verurteilte Kunstbetr\u00fcgerin - Horst Seele-Liebetanz","isPartOf":{"@id":"https:\/\/www.liebetanz.com\/hsl\/#website"},"datePublished":"1999-11-20T15:00:52+00:00","dateModified":"2020-08-05T09:32:23+00:00","breadcrumb":{"@id":"https:\/\/www.liebetanz.com\/hsl\/?page_id=278#breadcrumb"},"inLanguage":"en","potentialAction":[{"@type":"ReadAction","target":["https:\/\/www.liebetanz.com\/hsl\/?page_id=278"]}]},{"@type":"BreadcrumbList","@id":"https:\/\/www.liebetanz.com\/hsl\/?page_id=278#breadcrumb","itemListElement":[{"@type":"ListItem","position":1,"name":"Home","item":"https:\/\/www.liebetanz.com\/hsl"},{"@type":"ListItem","position":2,"name":"Journalism","item":"https:\/\/www.liebetanz.com\/hsl\/?page_id=226"},{"@type":"ListItem","position":3,"name":"Gericht verurteilte Kunstbetr\u00fcgerin"}]},{"@type":"WebSite","@id":"https:\/\/www.liebetanz.com\/hsl\/#website","url":"https:\/\/www.liebetanz.com\/hsl\/","name":"Horst Seele-Liebetanz","description":"&quot;The most difficult thing is the decision to act, the rest is merely tenacity.&rdquo; (Emilia Earhart)","publisher":{"@id":"https:\/\/www.liebetanz.com\/hsl\/#\/schema\/person\/37e35215e685994cd3674288e2d475b5"},"potentialAction":[{"@type":"SearchAction","target":{"@type":"EntryPoint","urlTemplate":"https:\/\/www.liebetanz.com\/hsl\/?s={search_term_string}"},"query-input":{"@type":"PropertyValueSpecification","valueRequired":true,"valueName":"search_term_string"}}],"inLanguage":"en"},{"@type":["Person","Organization"],"@id":"https:\/\/www.liebetanz.com\/hsl\/#\/schema\/person\/37e35215e685994cd3674288e2d475b5","name":"Horst Seele-Liebetanz","logo":{"@id":"https:\/\/www.liebetanz.com\/hsl\/#\/schema\/person\/image\/"},"description":"Digital Ethicist, Political Communication, Psychology"}]}},"_links":{"self":[{"href":"https:\/\/www.liebetanz.com\/hsl\/index.php?rest_route=\/wp\/v2\/pages\/278","targetHints":{"allow":["GET"]}}],"collection":[{"href":"https:\/\/www.liebetanz.com\/hsl\/index.php?rest_route=\/wp\/v2\/pages"}],"about":[{"href":"https:\/\/www.liebetanz.com\/hsl\/index.php?rest_route=\/wp\/v2\/types\/page"}],"author":[{"embeddable":true,"href":"https:\/\/www.liebetanz.com\/hsl\/index.php?rest_route=\/wp\/v2\/users\/1"}],"replies":[{"embeddable":true,"href":"https:\/\/www.liebetanz.com\/hsl\/index.php?rest_route=%2Fwp%2Fv2%2Fcomments&post=278"}],"version-history":[{"count":4,"href":"https:\/\/www.liebetanz.com\/hsl\/index.php?rest_route=\/wp\/v2\/pages\/278\/revisions"}],"predecessor-version":[{"id":1210,"href":"https:\/\/www.liebetanz.com\/hsl\/index.php?rest_route=\/wp\/v2\/pages\/278\/revisions\/1210"}],"up":[{"embeddable":true,"href":"https:\/\/www.liebetanz.com\/hsl\/index.php?rest_route=\/wp\/v2\/pages\/226"}],"wp:attachment":[{"href":"https:\/\/www.liebetanz.com\/hsl\/index.php?rest_route=%2Fwp%2Fv2%2Fmedia&parent=278"}],"curies":[{"name":"wp","href":"https:\/\/api.w.org\/{rel}","templated":true}]}}