{"id":282,"date":"1999-08-20T16:00:44","date_gmt":"1999-08-20T14:00:44","guid":{"rendered":"http:\/\/www.liebetanz.com\/hsl\/?page_id=282"},"modified":"2017-07-16T15:29:37","modified_gmt":"2017-07-16T13:29:37","slug":"aus-dem-bergischen-land-an-den-broadway","status":"publish","type":"page","link":"https:\/\/www.liebetanz.com\/hsl\/?page_id=282","title":{"rendered":"Aus dem Bergischen Land an den Broadway"},"content":{"rendered":"<div id=\"id1\" class=\"style_SkipStroke shape-with-text\">\n<div class=\"text-content Normal_External_410_32\">\n<div class=\"Normal\">\n<p class=\"Title\">Ein ungew\u00f6hnlicher Anblick, selbst f\u00fcr New York: eine junge Frau, die langen Haare unter ihrem schwarzen Zylinder verstaut, mit Zimmermannsweste in breitem, schwarzen Cord, Lederhose und einem freundlichen, selbstbewu\u00dftem L\u00e4cheln. Eine Handwerksgesellin auf Wanderschaft am Broadway!<\/p>\n<\/div>\n<\/div>\n<\/div>\n<div class=\"style_SkipStroke_1 shape-with-text flowDefining\">\n<div class=\"text-content style_External_410_1945\">\n<div class=\"style\">\n<p class=\"Body\">Bis 1994 lebte Hilde Hanke in Bergisch Gladbach. Drei Jahre lang hat sie in Flensburg an der Werkkunstschule eine Ausbildung als Holzbildhauerin gemacht.<\/p>\n<p class=\"Body\">Seit dem Abschlu\u00df der Berufsausbildung 1997 ist sie auf Wanderschaft und hat mittlerweile schon Erfahrungen in D\u00e4nemark, Schweden, England, Irland, Mallorca und der Schweiz gesammelt.<\/p>\n<p class=\"Body\">Seit 800 Jahren besteht die Tradition, Gesellen auf Wanderschaft zu schicken, um in der Fremde Gelerntes zu erproben, weiterzugeben, aber vor allem, um noch dazuzulernen. Vor etwas 100 Jahren wurden die Sch\u00e4chte &#8211; Gesellenschaften &#8211; gegr\u00fcndet, die die Wanderschaft der Handwerker neu belebten. Nachdem dieser Brauch in der Zeit des zweiten Weltkrieges fast ausgestorben war, gab es im westlichen Deutschland eine Renaissance, w\u00e4hrend in der DDR das Wandern der Handwerksgesellen weiterhin verboten blieb. Einer der Sch\u00e4chte, die zuletzt gegr\u00fcndet wurden, ist die &#8220;Axt und Kelle&#8221;, die in den Siebzigern entstand. Im Gegensatz zu den ganz traditionellen Verb\u00e4nden werden hier auch Frauen aufgenommen. Bis dahin waren auch Frauen unterwegs, allerdings ohne Schachtzugeh\u00f6rigkeit.<\/p>\n<p class=\"Body\">Hilde Hanke ist auch &#8220;frei reisend&#8221;, um nicht bei den halbj\u00e4hrlichen Pflichttreffen anwesend sein zu m\u00fcssen. Die 28-j\u00e4hrige will die &#8220;zwei Jahre und einen Tag&#8221; voll nutzen, um soviel Berufserfahrung wie m\u00f6glich zu sammeln.<\/p>\n<p class=\"Body\">Mit ihrem schwarzen Zylinder und der Zimmermannsjacke erz\u00e4hlt sie mit einem charmanten L\u00e4cheln, da\u00df sie schon lange nach New York wollte, &#8220;das war schon immer mein Traum&#8221;. Anfang Februar war es dann soweit: &#8220;Das war wirklich super, mit dem Flugzeug zu landen und die Skyline Manhattans mit dem World Trade Center und Empire State Building zu sehen! Ein supertolles Gef\u00fchl, in dieser Stadt zu sein.&#8221; sagt sie und schlendert den Broadway entlang.<\/p>\n<p class=\"Body\">Mit einem Kollegen begab sie sich zun\u00e4chst in den Norden des Staates New York. Da die Gesellen f\u00fcr das Reisen kein Geld ausgeben d\u00fcrfen, wurde getrampt. Es ist hier allerdings lange nicht so einfach, in einem Betrieb arbeiten zu k\u00f6nnen, wie in Europa, da hier die Tradition der ziehenden Gesellen \u00fcberhaupt nicht bekannt ist.<\/p>\n<p class=\"Body\">Bei einem Milchkaffee im &#8220;Eureka&#8221; an der Fifth Avenue erkl\u00e4rt sie, da\u00df einige Dinge auf der Wanderschaft mittlerweile auch &#8220;moderner&#8221; gehandhabt werden. Von den traditionellen Regeln werden auch schon manchmal Ausnahmen zugelassen: wenn es anders nicht geht, darf eine Gesellin auf Wanderschaft z.B. auch Geld f\u00fcr eine Stra\u00dfenbahn- oder U-Bahnfahrt ausgeben, sonst w\u00e4re es in der heutigen Welt nicht mehr zu schaffen, an einem Ort innerhalb von drei Tagen eine Arbeit zu finden; das ist n\u00e4mlich auch eine der Bedingungen, die es einzuhalten gilt.<\/p>\n<p class=\"Body\">Obwohl die Handwerksbetriebe in Amerika sie nicht so bereitwillig aufnehmen wie in Europa, zieht sie aber auf jeden Fall eine positive Bilanz von ihrem Amerikaaufenthalt: &#8220;Die Mentalit\u00e4t hier ist so anders. Die Amerikaner sind alle sehr hilfsbereit und offen.&#8221; So hat eine Frau Hilde ihr Sommerhaus angeboten, um darin f\u00fcr einige Wochen zu arbeiten. &#8220;Ein Entgegenkommen, das ich auf meiner ganzen Wanderschaft schon erlebt habe.&#8221;<\/p>\n<p class=\"Body\">Sie sch\u00e4tzt es sehr, auf diese Weise berufs\u00fcbergreifende Erfahrungen zu machen, da sie dadurch imstande ist, in einem viel breiten T\u00e4tigkeitsfeld aktiv zu sein.<\/p>\n<p class=\"Body\">Sie hat sich auch bei einer Bronzegie\u00dferei in New Jersey beworben, praktisch einem Vorort New Yorks. Um dorthin zu gelangen, durfte sie jedoch nicht &#8220;per Daumen&#8221; fahren: da das Trampen in New Jersey verboten ist, hatte die State Police sie und ihren Kollegen aufgegriffen und im Polizeiauto zur n\u00e4chsten Bushaltestelle gefahren&#8230;<\/p>\n<p class=\"Body\">Heimweh hat sie in den knapp zwei Jahren ihrer Reise praktisch nie gehabt. Wenn sie bald nach Deutschland zur\u00fcckkehren wird, will sie wieder ins Bergische Land gehen. &#8220;An der Ostsee ist es zwar fast noch sch\u00f6ner, aber f\u00fcr eine Holzbildhauerin ist der Markt dort einfach zu voll.&#8221; Im Bergischen Land gibt es dagegen nur noch eine Holzbildhauerin. In einigen Wochen wird sie wieder nach Hause fliegen. Wann genau das sein wird, ist aber noch nicht sicher, &#8220;wer wei\u00df, was sich m\u00f6glicherweise noch alles ergibt&#8230;&#8221;<\/p>\n<p class=\"Body\">Sie freut sich schon darauf, sich in ihrem Beruf selbst\u00e4ndig zu machen und ihren eigenen Motive f\u00fcr Hausdekorationen, Laden- und T\u00fcrschilder zu verwirklichen und nicht nur Rohlinge aus der Fabrik zu bearbeiten, wie es sonst h\u00e4ufig \u00fcblich ist.<\/p>\n<p class=\"Body\">Zum Schlu\u00df fragt sie noch nach dem Internetzugang in der Stadtbibliothek New Yorks, damit sie nach ihrer Email schauen kann. Auch etwas &#8220;Modernes&#8221;, was die Handwerksleute auf der Walz fr\u00fcher nicht kannten.<\/p>\n<p class=\"Body\">\u00a9 Fotos: Petra Liebetanz<\/p>\n<p class=\"Body\"><a href=\"https:\/\/www.liebetanz.com\/hsl\/journalism\/\">Back<\/a><\/p>\n<\/div>\n<\/div>\n<\/div>\n","protected":false},"excerpt":{"rendered":"<p>Ein ungew\u00f6hnlicher Anblick, selbst f\u00fcr New York: eine junge Frau, die langen Haare unter ihrem schwarzen Zylinder verstaut, mit Zimmermannsweste in breitem, schwarzen Cord, Lederhose und einem freundlichen, selbstbewu\u00dftem L\u00e4cheln. Eine Handwerksgesellin auf Wanderschaft am Broadway! Bis 1994 lebte Hilde Hanke in Bergisch Gladbach. Drei Jahre lang hat sie in Flensburg an der Werkkunstschule eine &hellip; <\/p>\n<p class=\"link-more\"><a href=\"https:\/\/www.liebetanz.com\/hsl\/?page_id=282\" class=\"more-link\">Continue reading<span class=\"screen-reader-text\"> &#8220;Aus dem Bergischen Land an den Broadway&#8221;<\/span><\/a><\/p>\n","protected":false},"author":1,"featured_media":0,"parent":226,"menu_order":0,"comment_status":"closed","ping_status":"closed","template":"template-nosidebar.php","meta":{"_acf_changed":false,"footnotes":""},"class_list":["post-282","page","type-page","status-publish","hentry","entry"],"acf":[],"yoast_head":"<!-- This site is optimized with the Yoast SEO plugin v27.4 - https:\/\/yoast.com\/product\/yoast-seo-wordpress\/ -->\n<title>Aus dem Bergischen Land an den Broadway - Horst Seele-Liebetanz<\/title>\n<meta name=\"robots\" content=\"index, follow, max-snippet:-1, max-image-preview:large, max-video-preview:-1\" \/>\n<link rel=\"canonical\" href=\"https:\/\/www.liebetanz.com\/hsl\/?page_id=282\" \/>\n<meta property=\"og:locale\" content=\"en_US\" \/>\n<meta property=\"og:type\" content=\"article\" \/>\n<meta property=\"og:title\" content=\"Aus dem Bergischen Land an den Broadway - Horst Seele-Liebetanz\" \/>\n<meta property=\"og:description\" content=\"Ein ungew\u00f6hnlicher Anblick, selbst f\u00fcr New York: eine junge Frau, die langen Haare unter ihrem schwarzen Zylinder verstaut, mit Zimmermannsweste in breitem, schwarzen Cord, Lederhose und einem freundlichen, selbstbewu\u00dftem L\u00e4cheln. Eine Handwerksgesellin auf Wanderschaft am Broadway! Bis 1994 lebte Hilde Hanke in Bergisch Gladbach. Drei Jahre lang hat sie in Flensburg an der Werkkunstschule eine &hellip; Continue reading &quot;Aus dem Bergischen Land an den Broadway&quot;\" \/>\n<meta property=\"og:url\" content=\"https:\/\/www.liebetanz.com\/hsl\/?page_id=282\" \/>\n<meta property=\"og:site_name\" content=\"Horst Seele-Liebetanz\" \/>\n<meta property=\"article:modified_time\" content=\"2017-07-16T13:29:37+00:00\" \/>\n<meta name=\"twitter:card\" content=\"summary_large_image\" \/>\n<meta name=\"twitter:site\" content=\"@HorstSL\" \/>\n<meta name=\"twitter:label1\" content=\"Est. reading time\" \/>\n\t<meta name=\"twitter:data1\" content=\"4 minutes\" \/>\n<script type=\"application\/ld+json\" class=\"yoast-schema-graph\">{\"@context\":\"https:\\\/\\\/schema.org\",\"@graph\":[{\"@type\":\"WebPage\",\"@id\":\"https:\\\/\\\/www.liebetanz.com\\\/hsl\\\/?page_id=282\",\"url\":\"https:\\\/\\\/www.liebetanz.com\\\/hsl\\\/?page_id=282\",\"name\":\"Aus dem Bergischen Land an den Broadway - Horst Seele-Liebetanz\",\"isPartOf\":{\"@id\":\"https:\\\/\\\/www.liebetanz.com\\\/hsl\\\/#website\"},\"datePublished\":\"1999-08-20T14:00:44+00:00\",\"dateModified\":\"2017-07-16T13:29:37+00:00\",\"breadcrumb\":{\"@id\":\"https:\\\/\\\/www.liebetanz.com\\\/hsl\\\/?page_id=282#breadcrumb\"},\"inLanguage\":\"en\",\"potentialAction\":[{\"@type\":\"ReadAction\",\"target\":[\"https:\\\/\\\/www.liebetanz.com\\\/hsl\\\/?page_id=282\"]}]},{\"@type\":\"BreadcrumbList\",\"@id\":\"https:\\\/\\\/www.liebetanz.com\\\/hsl\\\/?page_id=282#breadcrumb\",\"itemListElement\":[{\"@type\":\"ListItem\",\"position\":1,\"name\":\"Home\",\"item\":\"https:\\\/\\\/www.liebetanz.com\\\/hsl\"},{\"@type\":\"ListItem\",\"position\":2,\"name\":\"Journalism\",\"item\":\"https:\\\/\\\/www.liebetanz.com\\\/hsl\\\/?page_id=226\"},{\"@type\":\"ListItem\",\"position\":3,\"name\":\"Aus dem Bergischen Land an den Broadway\"}]},{\"@type\":\"WebSite\",\"@id\":\"https:\\\/\\\/www.liebetanz.com\\\/hsl\\\/#website\",\"url\":\"https:\\\/\\\/www.liebetanz.com\\\/hsl\\\/\",\"name\":\"Horst Seele-Liebetanz\",\"description\":\"&quot;The most difficult thing is the decision to act, the rest is merely tenacity.&rdquo; (Emilia Earhart)\",\"publisher\":{\"@id\":\"https:\\\/\\\/www.liebetanz.com\\\/hsl\\\/#\\\/schema\\\/person\\\/37e35215e685994cd3674288e2d475b5\"},\"potentialAction\":[{\"@type\":\"SearchAction\",\"target\":{\"@type\":\"EntryPoint\",\"urlTemplate\":\"https:\\\/\\\/www.liebetanz.com\\\/hsl\\\/?s={search_term_string}\"},\"query-input\":{\"@type\":\"PropertyValueSpecification\",\"valueRequired\":true,\"valueName\":\"search_term_string\"}}],\"inLanguage\":\"en\"},{\"@type\":[\"Person\",\"Organization\"],\"@id\":\"https:\\\/\\\/www.liebetanz.com\\\/hsl\\\/#\\\/schema\\\/person\\\/37e35215e685994cd3674288e2d475b5\",\"name\":\"Horst Seele-Liebetanz\",\"logo\":{\"@id\":\"https:\\\/\\\/www.liebetanz.com\\\/hsl\\\/#\\\/schema\\\/person\\\/image\\\/\"},\"description\":\"Digital Ethicist, Political Communication, Psychology\"}]}<\/script>\n<!-- \/ Yoast SEO plugin. -->","yoast_head_json":{"title":"Aus dem Bergischen Land an den Broadway - Horst Seele-Liebetanz","robots":{"index":"index","follow":"follow","max-snippet":"max-snippet:-1","max-image-preview":"max-image-preview:large","max-video-preview":"max-video-preview:-1"},"canonical":"https:\/\/www.liebetanz.com\/hsl\/?page_id=282","og_locale":"en_US","og_type":"article","og_title":"Aus dem Bergischen Land an den Broadway - Horst Seele-Liebetanz","og_description":"Ein ungew\u00f6hnlicher Anblick, selbst f\u00fcr New York: eine junge Frau, die langen Haare unter ihrem schwarzen Zylinder verstaut, mit Zimmermannsweste in breitem, schwarzen Cord, Lederhose und einem freundlichen, selbstbewu\u00dftem L\u00e4cheln. Eine Handwerksgesellin auf Wanderschaft am Broadway! Bis 1994 lebte Hilde Hanke in Bergisch Gladbach. Drei Jahre lang hat sie in Flensburg an der Werkkunstschule eine &hellip; Continue reading \"Aus dem Bergischen Land an den Broadway\"","og_url":"https:\/\/www.liebetanz.com\/hsl\/?page_id=282","og_site_name":"Horst Seele-Liebetanz","article_modified_time":"2017-07-16T13:29:37+00:00","twitter_card":"summary_large_image","twitter_site":"@HorstSL","twitter_misc":{"Est. reading time":"4 minutes"},"schema":{"@context":"https:\/\/schema.org","@graph":[{"@type":"WebPage","@id":"https:\/\/www.liebetanz.com\/hsl\/?page_id=282","url":"https:\/\/www.liebetanz.com\/hsl\/?page_id=282","name":"Aus dem Bergischen Land an den Broadway - Horst Seele-Liebetanz","isPartOf":{"@id":"https:\/\/www.liebetanz.com\/hsl\/#website"},"datePublished":"1999-08-20T14:00:44+00:00","dateModified":"2017-07-16T13:29:37+00:00","breadcrumb":{"@id":"https:\/\/www.liebetanz.com\/hsl\/?page_id=282#breadcrumb"},"inLanguage":"en","potentialAction":[{"@type":"ReadAction","target":["https:\/\/www.liebetanz.com\/hsl\/?page_id=282"]}]},{"@type":"BreadcrumbList","@id":"https:\/\/www.liebetanz.com\/hsl\/?page_id=282#breadcrumb","itemListElement":[{"@type":"ListItem","position":1,"name":"Home","item":"https:\/\/www.liebetanz.com\/hsl"},{"@type":"ListItem","position":2,"name":"Journalism","item":"https:\/\/www.liebetanz.com\/hsl\/?page_id=226"},{"@type":"ListItem","position":3,"name":"Aus dem Bergischen Land an den Broadway"}]},{"@type":"WebSite","@id":"https:\/\/www.liebetanz.com\/hsl\/#website","url":"https:\/\/www.liebetanz.com\/hsl\/","name":"Horst Seele-Liebetanz","description":"&quot;The most difficult thing is the decision to act, the rest is merely tenacity.&rdquo; (Emilia Earhart)","publisher":{"@id":"https:\/\/www.liebetanz.com\/hsl\/#\/schema\/person\/37e35215e685994cd3674288e2d475b5"},"potentialAction":[{"@type":"SearchAction","target":{"@type":"EntryPoint","urlTemplate":"https:\/\/www.liebetanz.com\/hsl\/?s={search_term_string}"},"query-input":{"@type":"PropertyValueSpecification","valueRequired":true,"valueName":"search_term_string"}}],"inLanguage":"en"},{"@type":["Person","Organization"],"@id":"https:\/\/www.liebetanz.com\/hsl\/#\/schema\/person\/37e35215e685994cd3674288e2d475b5","name":"Horst Seele-Liebetanz","logo":{"@id":"https:\/\/www.liebetanz.com\/hsl\/#\/schema\/person\/image\/"},"description":"Digital Ethicist, Political Communication, Psychology"}]}},"_links":{"self":[{"href":"https:\/\/www.liebetanz.com\/hsl\/index.php?rest_route=\/wp\/v2\/pages\/282","targetHints":{"allow":["GET"]}}],"collection":[{"href":"https:\/\/www.liebetanz.com\/hsl\/index.php?rest_route=\/wp\/v2\/pages"}],"about":[{"href":"https:\/\/www.liebetanz.com\/hsl\/index.php?rest_route=\/wp\/v2\/types\/page"}],"author":[{"embeddable":true,"href":"https:\/\/www.liebetanz.com\/hsl\/index.php?rest_route=\/wp\/v2\/users\/1"}],"replies":[{"embeddable":true,"href":"https:\/\/www.liebetanz.com\/hsl\/index.php?rest_route=%2Fwp%2Fv2%2Fcomments&post=282"}],"version-history":[{"count":2,"href":"https:\/\/www.liebetanz.com\/hsl\/index.php?rest_route=\/wp\/v2\/pages\/282\/revisions"}],"predecessor-version":[{"id":464,"href":"https:\/\/www.liebetanz.com\/hsl\/index.php?rest_route=\/wp\/v2\/pages\/282\/revisions\/464"}],"up":[{"embeddable":true,"href":"https:\/\/www.liebetanz.com\/hsl\/index.php?rest_route=\/wp\/v2\/pages\/226"}],"wp:attachment":[{"href":"https:\/\/www.liebetanz.com\/hsl\/index.php?rest_route=%2Fwp%2Fv2%2Fmedia&parent=282"}],"curies":[{"name":"wp","href":"https:\/\/api.w.org\/{rel}","templated":true}]}}