{"id":294,"date":"1999-03-20T16:00:17","date_gmt":"1999-03-20T15:00:17","guid":{"rendered":"http:\/\/www.liebetanz.com\/hsl\/?page_id=294"},"modified":"2017-07-16T15:29:37","modified_gmt":"2017-07-16T13:29:37","slug":"ein-bremerhavener-an-der-wall-street","status":"publish","type":"page","link":"https:\/\/www.liebetanz.com\/hsl\/?page_id=294","title":{"rendered":"Ein Bremerhavener an der Wall-Street"},"content":{"rendered":"<div id=\"id1\" class=\"style_SkipStroke shape-with-text\">\n<div class=\"text-content Normal_External_410_32\">\n<div class=\"Normal\">\n<p class=\"Title\">Er ist gro\u00df, schlank, sein l\u00e4ssig ge\u00f6ffnetes Jackett und seine Seidenkrawatte lassen ihn aussehen wie jeden x-beliebigen Broker. Doch dieser ist etwas Besonderes auf dem Parkett des New Yorker Stock Exchange, wo normalerweise nur Amerikaner zu finden sind. Frank F\u00f6rge kommt aus Bremerhaven.<\/p>\n<\/div>\n<\/div>\n<\/div>\n<div class=\"style_SkipStroke_1 shape-with-text flowDefining\">\n<div class=\"text-content style_External_410_1088\">\n<div class=\"style\">\n<p class=\"Body\">Der 27-j\u00e4hrige hat es geschafft, sich seinen Platz in der Wall Street zu erobern. Sein Weg war ungew\u00f6hnlich. Schon von Speckenb\u00fcttel \u00fcber die H\u00f6here Handelsschule nach Frankfurt war es weit, wo er zun\u00e4chst als Kellner das Dienstleistungsgewerbe von der Pieke auf erlernte. Doch auch dort h\u00e4tte er sich nicht tr\u00e4umen lassen, was sich aus einem Kurztrip 1994 nach York entwickeln w\u00fcrde. Er lernte Walter Schubert kennen, einen B\u00f6rsenmakler, der dem pfiffigen Bremerhavener anbot, ein Praktikum an der New Yorker B\u00f6rse zu machen. &#8220;Solch eine Gelegenheit kann man sich nat\u00fcrlich nicht entgehen lassen!&#8221;<\/p>\n<p class=\"Body\">Da er wu\u00dfte, da\u00df das amerikanische Arbeitsleben relativ hart ist &#8211; so gibt es anfangs zum Beispiel anfangs nur 7 Tage Urlaub &#8211; bereitete er sich mit sechs Wochen Urlaub in Kalifornien auf das &#8220;American Way of Life&#8221; vor.<\/p>\n<p class=\"Body\">Im September 1995 kam Frank F\u00f6rge nach New York. Am ersten Tag verstand er nur &#8220;Bahnhof&#8221;, weil das Englisch, das an der New Yorker B\u00f6rse gesprochen wird, nichts mit dem zu tun hat, was man in der Schule lernt. Aber nach einer Weile hatte er sich eingefuchst. &#8220;Teilweise habe ich mehr Zeit im B\u00fcro und auf dem &#8216;Parkett&#8217; verbracht, als irgendwo anders.&#8221; Lebhaft schildert er, wie er auf diese Weise regelrecht alles aufgesogen hat, was man \u00fcber die B\u00f6rse lernen kann. &#8220;Von morgens um halb sieben bis mindestens 20.00 Uhr. Immer nur Englisch sprechen, bis man sogar Englisch tr\u00e4umt!&#8221;<\/p>\n<p class=\"Body\">Zur Zeit ist er zur Fortbildung in Frankfurt. Aber er freut sich schon wieder auf den &#8220;Big Apple&#8221;: &#8220;Wenn man erst einmal in dieser Stadt gelebt hat, m\u00f6chte man nicht mehr weg. Eine Fahrt mit der U-Bahn hier ist wie eine Weltreise, da hier Menschen unterschiedlichster Herkunft relativ friedlich zusammenleben.&#8221;<\/p>\n<p class=\"Body\">Da\u00df manche deutsche Besucher an der Wall Street staunen, wenn Sie h\u00f6ren, da\u00df sie einem gelernten Kellner gegen\u00fcberstehen, am\u00fcsiert den aufgeschlossenen Bremerhavener eher. Ob als Zivildienstleistender, als Kellner oder als &#8220;Brokers Assistant&#8221;, dem Bindeglied zwischen Kunden und H\u00e4ndler: &#8220;Es kommt vor allem darauf an, gut mit Menschen umgehen zu k\u00f6nnen, und das hat mir schon immer Spa\u00df gemacht!&#8221; &#8230;und wenn man etwas kann, fragt in Amerika keiner, warum das so ist.<\/p>\n<p class=\"Body\">Einmal pro Jahr reist er noch nach Bremerhaven, um die Familie zu besuchen. Ob er die Stadt, in der er einen gro\u00dfen Teil seines Lebens verbracht hat, manchmal vermi\u00dft? Nur gelegentlich, wenn er an die gute Luft dort und auch den Deich denkt: &#8220;Das ist doch etwas ganz Besonderes!&#8221;<\/p>\n<p class=\"Body\"><a href=\"https:\/\/www.liebetanz.com\/hsl\/journalism\/\">Back<\/a><\/p>\n<\/div>\n<\/div>\n<\/div>\n","protected":false},"excerpt":{"rendered":"<p>Er ist gro\u00df, schlank, sein l\u00e4ssig ge\u00f6ffnetes Jackett und seine Seidenkrawatte lassen ihn aussehen wie jeden x-beliebigen Broker. Doch dieser ist etwas Besonderes auf dem Parkett des New Yorker Stock Exchange, wo normalerweise nur Amerikaner zu finden sind. Frank F\u00f6rge kommt aus Bremerhaven. Der 27-j\u00e4hrige hat es geschafft, sich seinen Platz in der Wall Street &hellip; <\/p>\n<p class=\"link-more\"><a href=\"https:\/\/www.liebetanz.com\/hsl\/?page_id=294\" class=\"more-link\">Continue reading<span class=\"screen-reader-text\"> &#8220;Ein Bremerhavener an der Wall-Street&#8221;<\/span><\/a><\/p>\n","protected":false},"author":1,"featured_media":0,"parent":226,"menu_order":0,"comment_status":"closed","ping_status":"closed","template":"template-nosidebar.php","meta":{"_acf_changed":false,"footnotes":""},"class_list":["post-294","page","type-page","status-publish","hentry","entry"],"acf":[],"yoast_head":"<!-- This site is optimized with the Yoast SEO plugin v27.3 - https:\/\/yoast.com\/product\/yoast-seo-wordpress\/ -->\n<title>Ein Bremerhavener an der Wall-Street - Horst Seele-Liebetanz<\/title>\n<meta name=\"robots\" content=\"index, follow, max-snippet:-1, max-image-preview:large, max-video-preview:-1\" \/>\n<link rel=\"canonical\" href=\"https:\/\/www.liebetanz.com\/hsl\/?page_id=294\" \/>\n<meta property=\"og:locale\" content=\"en_US\" \/>\n<meta property=\"og:type\" content=\"article\" \/>\n<meta property=\"og:title\" content=\"Ein Bremerhavener an der Wall-Street - Horst Seele-Liebetanz\" \/>\n<meta property=\"og:description\" content=\"Er ist gro\u00df, schlank, sein l\u00e4ssig ge\u00f6ffnetes Jackett und seine Seidenkrawatte lassen ihn aussehen wie jeden x-beliebigen Broker. Doch dieser ist etwas Besonderes auf dem Parkett des New Yorker Stock Exchange, wo normalerweise nur Amerikaner zu finden sind. Frank F\u00f6rge kommt aus Bremerhaven. Der 27-j\u00e4hrige hat es geschafft, sich seinen Platz in der Wall Street &hellip; Continue reading &quot;Ein Bremerhavener an der Wall-Street&quot;\" \/>\n<meta property=\"og:url\" content=\"https:\/\/www.liebetanz.com\/hsl\/?page_id=294\" \/>\n<meta property=\"og:site_name\" content=\"Horst Seele-Liebetanz\" \/>\n<meta property=\"article:modified_time\" content=\"2017-07-16T13:29:37+00:00\" \/>\n<meta name=\"twitter:card\" content=\"summary_large_image\" \/>\n<meta name=\"twitter:site\" content=\"@HorstSL\" \/>\n<meta name=\"twitter:label1\" content=\"Est. reading time\" \/>\n\t<meta name=\"twitter:data1\" content=\"2 minutes\" \/>\n<script type=\"application\/ld+json\" class=\"yoast-schema-graph\">{\"@context\":\"https:\\\/\\\/schema.org\",\"@graph\":[{\"@type\":\"WebPage\",\"@id\":\"https:\\\/\\\/www.liebetanz.com\\\/hsl\\\/?page_id=294\",\"url\":\"https:\\\/\\\/www.liebetanz.com\\\/hsl\\\/?page_id=294\",\"name\":\"Ein Bremerhavener an der Wall-Street - Horst Seele-Liebetanz\",\"isPartOf\":{\"@id\":\"https:\\\/\\\/www.liebetanz.com\\\/hsl\\\/#website\"},\"datePublished\":\"1999-03-20T15:00:17+00:00\",\"dateModified\":\"2017-07-16T13:29:37+00:00\",\"breadcrumb\":{\"@id\":\"https:\\\/\\\/www.liebetanz.com\\\/hsl\\\/?page_id=294#breadcrumb\"},\"inLanguage\":\"en\",\"potentialAction\":[{\"@type\":\"ReadAction\",\"target\":[\"https:\\\/\\\/www.liebetanz.com\\\/hsl\\\/?page_id=294\"]}]},{\"@type\":\"BreadcrumbList\",\"@id\":\"https:\\\/\\\/www.liebetanz.com\\\/hsl\\\/?page_id=294#breadcrumb\",\"itemListElement\":[{\"@type\":\"ListItem\",\"position\":1,\"name\":\"Home\",\"item\":\"https:\\\/\\\/www.liebetanz.com\\\/hsl\"},{\"@type\":\"ListItem\",\"position\":2,\"name\":\"Journalism\",\"item\":\"https:\\\/\\\/www.liebetanz.com\\\/hsl\\\/?page_id=226\"},{\"@type\":\"ListItem\",\"position\":3,\"name\":\"Ein Bremerhavener an der Wall-Street\"}]},{\"@type\":\"WebSite\",\"@id\":\"https:\\\/\\\/www.liebetanz.com\\\/hsl\\\/#website\",\"url\":\"https:\\\/\\\/www.liebetanz.com\\\/hsl\\\/\",\"name\":\"Horst Seele-Liebetanz\",\"description\":\"&quot;The most difficult thing is the decision to act, the rest is merely tenacity.&rdquo; (Emilia Earhart)\",\"publisher\":{\"@id\":\"https:\\\/\\\/www.liebetanz.com\\\/hsl\\\/#\\\/schema\\\/person\\\/37e35215e685994cd3674288e2d475b5\"},\"potentialAction\":[{\"@type\":\"SearchAction\",\"target\":{\"@type\":\"EntryPoint\",\"urlTemplate\":\"https:\\\/\\\/www.liebetanz.com\\\/hsl\\\/?s={search_term_string}\"},\"query-input\":{\"@type\":\"PropertyValueSpecification\",\"valueRequired\":true,\"valueName\":\"search_term_string\"}}],\"inLanguage\":\"en\"},{\"@type\":[\"Person\",\"Organization\"],\"@id\":\"https:\\\/\\\/www.liebetanz.com\\\/hsl\\\/#\\\/schema\\\/person\\\/37e35215e685994cd3674288e2d475b5\",\"name\":\"Horst Seele-Liebetanz\",\"logo\":{\"@id\":\"https:\\\/\\\/www.liebetanz.com\\\/hsl\\\/#\\\/schema\\\/person\\\/image\\\/\"},\"description\":\"Digital Ethicist, Political Communication, Psychology\"}]}<\/script>\n<!-- \/ Yoast SEO plugin. -->","yoast_head_json":{"title":"Ein Bremerhavener an der Wall-Street - Horst Seele-Liebetanz","robots":{"index":"index","follow":"follow","max-snippet":"max-snippet:-1","max-image-preview":"max-image-preview:large","max-video-preview":"max-video-preview:-1"},"canonical":"https:\/\/www.liebetanz.com\/hsl\/?page_id=294","og_locale":"en_US","og_type":"article","og_title":"Ein Bremerhavener an der Wall-Street - Horst Seele-Liebetanz","og_description":"Er ist gro\u00df, schlank, sein l\u00e4ssig ge\u00f6ffnetes Jackett und seine Seidenkrawatte lassen ihn aussehen wie jeden x-beliebigen Broker. Doch dieser ist etwas Besonderes auf dem Parkett des New Yorker Stock Exchange, wo normalerweise nur Amerikaner zu finden sind. Frank F\u00f6rge kommt aus Bremerhaven. Der 27-j\u00e4hrige hat es geschafft, sich seinen Platz in der Wall Street &hellip; Continue reading \"Ein Bremerhavener an der Wall-Street\"","og_url":"https:\/\/www.liebetanz.com\/hsl\/?page_id=294","og_site_name":"Horst Seele-Liebetanz","article_modified_time":"2017-07-16T13:29:37+00:00","twitter_card":"summary_large_image","twitter_site":"@HorstSL","twitter_misc":{"Est. reading time":"2 minutes"},"schema":{"@context":"https:\/\/schema.org","@graph":[{"@type":"WebPage","@id":"https:\/\/www.liebetanz.com\/hsl\/?page_id=294","url":"https:\/\/www.liebetanz.com\/hsl\/?page_id=294","name":"Ein Bremerhavener an der Wall-Street - Horst Seele-Liebetanz","isPartOf":{"@id":"https:\/\/www.liebetanz.com\/hsl\/#website"},"datePublished":"1999-03-20T15:00:17+00:00","dateModified":"2017-07-16T13:29:37+00:00","breadcrumb":{"@id":"https:\/\/www.liebetanz.com\/hsl\/?page_id=294#breadcrumb"},"inLanguage":"en","potentialAction":[{"@type":"ReadAction","target":["https:\/\/www.liebetanz.com\/hsl\/?page_id=294"]}]},{"@type":"BreadcrumbList","@id":"https:\/\/www.liebetanz.com\/hsl\/?page_id=294#breadcrumb","itemListElement":[{"@type":"ListItem","position":1,"name":"Home","item":"https:\/\/www.liebetanz.com\/hsl"},{"@type":"ListItem","position":2,"name":"Journalism","item":"https:\/\/www.liebetanz.com\/hsl\/?page_id=226"},{"@type":"ListItem","position":3,"name":"Ein Bremerhavener an der Wall-Street"}]},{"@type":"WebSite","@id":"https:\/\/www.liebetanz.com\/hsl\/#website","url":"https:\/\/www.liebetanz.com\/hsl\/","name":"Horst Seele-Liebetanz","description":"&quot;The most difficult thing is the decision to act, the rest is merely tenacity.&rdquo; (Emilia Earhart)","publisher":{"@id":"https:\/\/www.liebetanz.com\/hsl\/#\/schema\/person\/37e35215e685994cd3674288e2d475b5"},"potentialAction":[{"@type":"SearchAction","target":{"@type":"EntryPoint","urlTemplate":"https:\/\/www.liebetanz.com\/hsl\/?s={search_term_string}"},"query-input":{"@type":"PropertyValueSpecification","valueRequired":true,"valueName":"search_term_string"}}],"inLanguage":"en"},{"@type":["Person","Organization"],"@id":"https:\/\/www.liebetanz.com\/hsl\/#\/schema\/person\/37e35215e685994cd3674288e2d475b5","name":"Horst Seele-Liebetanz","logo":{"@id":"https:\/\/www.liebetanz.com\/hsl\/#\/schema\/person\/image\/"},"description":"Digital Ethicist, Political Communication, Psychology"}]}},"_links":{"self":[{"href":"https:\/\/www.liebetanz.com\/hsl\/index.php?rest_route=\/wp\/v2\/pages\/294","targetHints":{"allow":["GET"]}}],"collection":[{"href":"https:\/\/www.liebetanz.com\/hsl\/index.php?rest_route=\/wp\/v2\/pages"}],"about":[{"href":"https:\/\/www.liebetanz.com\/hsl\/index.php?rest_route=\/wp\/v2\/types\/page"}],"author":[{"embeddable":true,"href":"https:\/\/www.liebetanz.com\/hsl\/index.php?rest_route=\/wp\/v2\/users\/1"}],"replies":[{"embeddable":true,"href":"https:\/\/www.liebetanz.com\/hsl\/index.php?rest_route=%2Fwp%2Fv2%2Fcomments&post=294"}],"version-history":[{"count":2,"href":"https:\/\/www.liebetanz.com\/hsl\/index.php?rest_route=\/wp\/v2\/pages\/294\/revisions"}],"predecessor-version":[{"id":468,"href":"https:\/\/www.liebetanz.com\/hsl\/index.php?rest_route=\/wp\/v2\/pages\/294\/revisions\/468"}],"up":[{"embeddable":true,"href":"https:\/\/www.liebetanz.com\/hsl\/index.php?rest_route=\/wp\/v2\/pages\/226"}],"wp:attachment":[{"href":"https:\/\/www.liebetanz.com\/hsl\/index.php?rest_route=%2Fwp%2Fv2%2Fmedia&parent=294"}],"curies":[{"name":"wp","href":"https:\/\/api.w.org\/{rel}","templated":true}]}}