{"id":303,"date":"2016-09-03T16:34:46","date_gmt":"2016-09-03T14:34:46","guid":{"rendered":"http:\/\/www.liebetanz.com\/hsl\/?page_id=303"},"modified":"2023-02-05T10:11:58","modified_gmt":"2023-02-05T09:11:58","slug":"new-york-new-york","status":"publish","type":"page","link":"https:\/\/www.liebetanz.com\/hsl\/?page_id=303","title":{"rendered":"New York, New York!"},"content":{"rendered":"<h1 class=\"paragraph_style\">&#8230;if you make it here, you&#8217;ll make it everywhere.<\/h1>\n<p class=\"Body\">Einige paar Tipps, was man in New York machen kann und sollte, findet man gut in der <a title=\"http:\/\/www.brigitte.de\/reise\/reise-map\/?searchType=assisted&amp;geomapdb_search[search]=New+York&amp;geomapdb_search[continent]=5&amp;geomapdb_search[country]=17&amp;geomapdb_search[place]=193&amp;geomapdb_search[category]=0#map\" href=\"http:\/\/www.brigitte.de\/reise\/reise-map\/?searchType=assisted&amp;geomapdb_search%5Bsearch%5D=New+York&amp;geomapdb_search%5Bcontinent%5D=5&amp;geomapdb_search%5Bcountry%5D=17&amp;geomapdb_search%5Bplace%5D=193&amp;geomapdb_search%5Bcategory%5D=0#map\">Brigitte<\/a>\u00a0(hier zum Beispiel auch gute Tipps f\u00fcr New York mit Kindern).<br \/>\nAktuelle Veranstaltungshinweise bieten <a title=\"http:\/\/www.timeoutny.com\/\" href=\"http:\/\/www.timeoutny.com\/\">Time Out<\/a>\u00a0oder der\u00a0<a title=\"http:\/\/www.nytoday.com\/\" href=\"http:\/\/www.nytoday.com\/\">Online-Seite<\/a>\u00a0der New York Times.<\/p>\n<h4 class=\"Body\">Unterkunft<\/h4>\n<h5 class=\"Body\">Hotel<\/h5>\n<p class=\"Body\">Das sch\u00f6nste Hotel, das zugleich bezahlbar ist, ist das\u00a0<a title=\"http:\/\/www.washingtonsquarehotel.com\/index.php\" href=\"http:\/\/www.washingtonsquarehotel.com\/index.php\">Washington Square Hotel<\/a>. Direkt am gleichnamigen Park, mitten im &#8220;Village&#8221; gelegen &#8211; besser geht&#8217;s nicht! Da sehr beliebt, sollte man hier so fr\u00fch wie m\u00f6glich reservieren und &#8211; Achtung: bei der Reservierung ein Zimmer &#8220;with view&#8221; bestellen, am besten in einem der &#8220;top floors&#8221;.<\/p>\n<p class=\"Body\">Ein anderes, sehr nett aussehendes Hotel ist das\u00a0<a title=\"http:\/\/www.chelseainn.com\/\" href=\"http:\/\/www.chelseainn.com\/\">Chelsea Inn<\/a>\u00a0an der 17ten Stra\u00dfe. Einen guten \u00dcberblick bietet au\u00dferdem das\u00a0<a title=\"http:\/\/www.travelnow.com\/index.jsp?pageName=hotSearch&amp;cid=38714&amp;city=New+York&amp;stateProvince=NY&amp;country=US&amp;validateCity=true&amp;submitted=true&amp;specials=false&amp;showHotels=true&amp;isHotels=true&amp;showCondos=true&amp;isCondos=false&amp;netOnly=false\" href=\"https:\/\/www.nycgo.com\/\">New Yorker Fremdenverkehrsb\u00fcro<\/a>.<\/p>\n<h5 class=\"Body\">Alternativen<\/h5>\n<p class=\"Body\">Lohnenswert ist neben\u00a0<a title=\"https:\/\/www.airbnb.com\/s\/New-York--NY\" href=\"https:\/\/www.airbnb.com\/s\/New-York--NY\">AirBnB<\/a>\u00a0auch die Adresse von\u00a0<a title=\"http:\/\/www.nyhabitat.com\/\" href=\"http:\/\/www.nyhabitat.com\/\">NY Habitat<\/a>, einer Firma, die Unterk\u00fcnfte, Bed-and-Breakfast vermittelt, aber auch Wohnungen f\u00fcr l\u00e4ngere Zeitspannen.<\/p>\n<p class=\"Body\">Achtung! Normalerweise werden Preise in NY immer ohne Steuern angegeben. Das bedeutet, dass zu dem Preis auf dem Schild immer noch die &#8220;sales tax&#8221; in H\u00f6he von 8\u00bd % hinzukommt!<br \/>\nAu\u00dferdem gilt beim Ausgehen in Restaurants oder Kneipen: man l\u00e4sst \u00fcblicherweise immer \u201cdie doppelte sales tax\u201d als Trinkgeld f\u00fcr das Personal &#8211; also tats\u00e4chlich locker\u00a0noch mal 20% Trinkgeld! Das ist nach europ\u00e4ischen Ma\u00dfst\u00e4ben viel, aber in den USA \u00fcblich. Das Bedienungspersonal lebt davon, da der Job als Kellner oder \u201cbuzz boy\u201d (der nur das Geschirr vom Tisch abr\u00e4umt) selber sehr schlecht bezahlt ist. Dennoch: Viel Spa\u00df!<\/p>\n<p>Mein letter Trip mach New York im April 2022:<\/p>\n<p><iframe loading=\"lazy\" title=\"NYC22   19 \u2009\u2013\u200925  Apr 2022\" width=\"640\" height=\"360\" src=\"https:\/\/www.youtube.com\/embed\/4a2Ked0EFig?feature=oembed\" frameborder=\"0\" allow=\"accelerometer; autoplay; clipboard-write; encrypted-media; gyroscope; picture-in-picture; web-share\" referrerpolicy=\"strict-origin-when-cross-origin\" allowfullscreen><\/iframe><\/p>\n","protected":false},"excerpt":{"rendered":"<p>&#8230;if you make it here, you&#8217;ll make it everywhere. Einige paar Tipps, was man in New York machen kann und sollte, findet man gut in der Brigitte\u00a0(hier zum Beispiel auch gute Tipps f\u00fcr New York mit Kindern). Aktuelle Veranstaltungshinweise bieten Time Out\u00a0oder der\u00a0Online-Seite\u00a0der New York Times. Unterkunft Hotel Das sch\u00f6nste Hotel, das zugleich bezahlbar ist, &hellip; <\/p>\n<p class=\"link-more\"><a href=\"https:\/\/www.liebetanz.com\/hsl\/?page_id=303\" class=\"more-link\">Continue reading<span class=\"screen-reader-text\"> &#8220;New York, New York!&#8221;<\/span><\/a><\/p>\n","protected":false},"author":1,"featured_media":1027,"parent":0,"menu_order":0,"comment_status":"closed","ping_status":"closed","template":"","meta":{"_acf_changed":false,"footnotes":""},"class_list":["post-303","page","type-page","status-publish","has-post-thumbnail","hentry","entry"],"acf":[],"yoast_head":"<!-- This site is optimized with the Yoast SEO plugin v27.3 - https:\/\/yoast.com\/product\/yoast-seo-wordpress\/ -->\n<title>New York, New York! - Horst Seele-Liebetanz<\/title>\n<meta name=\"robots\" content=\"index, follow, max-snippet:-1, max-image-preview:large, max-video-preview:-1\" \/>\n<link rel=\"canonical\" href=\"https:\/\/www.liebetanz.com\/hsl\/?page_id=303\" \/>\n<meta property=\"og:locale\" content=\"en_US\" \/>\n<meta property=\"og:type\" content=\"article\" \/>\n<meta property=\"og:title\" content=\"New York, New York! - Horst Seele-Liebetanz\" \/>\n<meta property=\"og:description\" content=\"&#8230;if you make it here, you&#8217;ll make it everywhere. Einige paar Tipps, was man in New York machen kann und sollte, findet man gut in der Brigitte\u00a0(hier zum Beispiel auch gute Tipps f\u00fcr New York mit Kindern). Aktuelle Veranstaltungshinweise bieten Time Out\u00a0oder der\u00a0Online-Seite\u00a0der New York Times. Unterkunft Hotel Das sch\u00f6nste Hotel, das zugleich bezahlbar ist, &hellip; Continue reading &quot;New York, New York!&quot;\" \/>\n<meta property=\"og:url\" content=\"https:\/\/www.liebetanz.com\/hsl\/?page_id=303\" \/>\n<meta property=\"og:site_name\" content=\"Horst Seele-Liebetanz\" \/>\n<meta property=\"article:modified_time\" content=\"2023-02-05T09:11:58+00:00\" \/>\n<meta property=\"og:image\" content=\"https:\/\/www.liebetanz.com\/hsl\/wp-content\/uploads\/2018\/10\/IMG_0857-e1540980088153.jpg\" \/>\n\t<meta property=\"og:image:width\" content=\"1536\" \/>\n\t<meta property=\"og:image:height\" content=\"2048\" \/>\n\t<meta property=\"og:image:type\" content=\"image\/jpeg\" \/>\n<meta name=\"twitter:card\" content=\"summary_large_image\" \/>\n<meta name=\"twitter:site\" content=\"@HorstSL\" \/>\n<meta name=\"twitter:label1\" content=\"Est. reading time\" \/>\n\t<meta name=\"twitter:data1\" content=\"2 minutes\" \/>\n<script type=\"application\/ld+json\" class=\"yoast-schema-graph\">{\"@context\":\"https:\\\/\\\/schema.org\",\"@graph\":[{\"@type\":\"WebPage\",\"@id\":\"https:\\\/\\\/www.liebetanz.com\\\/hsl\\\/?page_id=303\",\"url\":\"https:\\\/\\\/www.liebetanz.com\\\/hsl\\\/?page_id=303\",\"name\":\"New York, New York! - Horst Seele-Liebetanz\",\"isPartOf\":{\"@id\":\"https:\\\/\\\/www.liebetanz.com\\\/hsl\\\/#website\"},\"primaryImageOfPage\":{\"@id\":\"https:\\\/\\\/www.liebetanz.com\\\/hsl\\\/?page_id=303#primaryimage\"},\"image\":{\"@id\":\"https:\\\/\\\/www.liebetanz.com\\\/hsl\\\/?page_id=303#primaryimage\"},\"thumbnailUrl\":\"https:\\\/\\\/www.liebetanz.com\\\/hsl\\\/wp-content\\\/uploads\\\/2018\\\/10\\\/IMG_0857-e1540980088153.jpg\",\"datePublished\":\"2016-09-03T14:34:46+00:00\",\"dateModified\":\"2023-02-05T09:11:58+00:00\",\"breadcrumb\":{\"@id\":\"https:\\\/\\\/www.liebetanz.com\\\/hsl\\\/?page_id=303#breadcrumb\"},\"inLanguage\":\"en\",\"potentialAction\":[{\"@type\":\"ReadAction\",\"target\":[\"https:\\\/\\\/www.liebetanz.com\\\/hsl\\\/?page_id=303\"]}]},{\"@type\":\"ImageObject\",\"inLanguage\":\"en\",\"@id\":\"https:\\\/\\\/www.liebetanz.com\\\/hsl\\\/?page_id=303#primaryimage\",\"url\":\"https:\\\/\\\/www.liebetanz.com\\\/hsl\\\/wp-content\\\/uploads\\\/2018\\\/10\\\/IMG_0857-e1540980088153.jpg\",\"contentUrl\":\"https:\\\/\\\/www.liebetanz.com\\\/hsl\\\/wp-content\\\/uploads\\\/2018\\\/10\\\/IMG_0857-e1540980088153.jpg\",\"width\":1536,\"height\":2048},{\"@type\":\"BreadcrumbList\",\"@id\":\"https:\\\/\\\/www.liebetanz.com\\\/hsl\\\/?page_id=303#breadcrumb\",\"itemListElement\":[{\"@type\":\"ListItem\",\"position\":1,\"name\":\"Home\",\"item\":\"https:\\\/\\\/www.liebetanz.com\\\/hsl\"},{\"@type\":\"ListItem\",\"position\":2,\"name\":\"New York, New York!\"}]},{\"@type\":\"WebSite\",\"@id\":\"https:\\\/\\\/www.liebetanz.com\\\/hsl\\\/#website\",\"url\":\"https:\\\/\\\/www.liebetanz.com\\\/hsl\\\/\",\"name\":\"Horst Seele-Liebetanz\",\"description\":\"&quot;The most difficult thing is the decision to act, the rest is merely tenacity.&rdquo; (Emilia Earhart)\",\"publisher\":{\"@id\":\"https:\\\/\\\/www.liebetanz.com\\\/hsl\\\/#\\\/schema\\\/person\\\/37e35215e685994cd3674288e2d475b5\"},\"potentialAction\":[{\"@type\":\"SearchAction\",\"target\":{\"@type\":\"EntryPoint\",\"urlTemplate\":\"https:\\\/\\\/www.liebetanz.com\\\/hsl\\\/?s={search_term_string}\"},\"query-input\":{\"@type\":\"PropertyValueSpecification\",\"valueRequired\":true,\"valueName\":\"search_term_string\"}}],\"inLanguage\":\"en\"},{\"@type\":[\"Person\",\"Organization\"],\"@id\":\"https:\\\/\\\/www.liebetanz.com\\\/hsl\\\/#\\\/schema\\\/person\\\/37e35215e685994cd3674288e2d475b5\",\"name\":\"Horst Seele-Liebetanz\",\"logo\":{\"@id\":\"https:\\\/\\\/www.liebetanz.com\\\/hsl\\\/#\\\/schema\\\/person\\\/image\\\/\"},\"description\":\"Digital Ethicist, Political Communication, Psychology\"}]}<\/script>\n<!-- \/ Yoast SEO plugin. -->","yoast_head_json":{"title":"New York, New York! - Horst Seele-Liebetanz","robots":{"index":"index","follow":"follow","max-snippet":"max-snippet:-1","max-image-preview":"max-image-preview:large","max-video-preview":"max-video-preview:-1"},"canonical":"https:\/\/www.liebetanz.com\/hsl\/?page_id=303","og_locale":"en_US","og_type":"article","og_title":"New York, New York! - Horst Seele-Liebetanz","og_description":"&#8230;if you make it here, you&#8217;ll make it everywhere. Einige paar Tipps, was man in New York machen kann und sollte, findet man gut in der Brigitte\u00a0(hier zum Beispiel auch gute Tipps f\u00fcr New York mit Kindern). Aktuelle Veranstaltungshinweise bieten Time Out\u00a0oder der\u00a0Online-Seite\u00a0der New York Times. Unterkunft Hotel Das sch\u00f6nste Hotel, das zugleich bezahlbar ist, &hellip; Continue reading \"New York, New York!\"","og_url":"https:\/\/www.liebetanz.com\/hsl\/?page_id=303","og_site_name":"Horst Seele-Liebetanz","article_modified_time":"2023-02-05T09:11:58+00:00","og_image":[{"width":1536,"height":2048,"url":"https:\/\/www.liebetanz.com\/hsl\/wp-content\/uploads\/2018\/10\/IMG_0857-e1540980088153.jpg","type":"image\/jpeg"}],"twitter_card":"summary_large_image","twitter_site":"@HorstSL","twitter_misc":{"Est. reading time":"2 minutes"},"schema":{"@context":"https:\/\/schema.org","@graph":[{"@type":"WebPage","@id":"https:\/\/www.liebetanz.com\/hsl\/?page_id=303","url":"https:\/\/www.liebetanz.com\/hsl\/?page_id=303","name":"New York, New York! - Horst Seele-Liebetanz","isPartOf":{"@id":"https:\/\/www.liebetanz.com\/hsl\/#website"},"primaryImageOfPage":{"@id":"https:\/\/www.liebetanz.com\/hsl\/?page_id=303#primaryimage"},"image":{"@id":"https:\/\/www.liebetanz.com\/hsl\/?page_id=303#primaryimage"},"thumbnailUrl":"https:\/\/www.liebetanz.com\/hsl\/wp-content\/uploads\/2018\/10\/IMG_0857-e1540980088153.jpg","datePublished":"2016-09-03T14:34:46+00:00","dateModified":"2023-02-05T09:11:58+00:00","breadcrumb":{"@id":"https:\/\/www.liebetanz.com\/hsl\/?page_id=303#breadcrumb"},"inLanguage":"en","potentialAction":[{"@type":"ReadAction","target":["https:\/\/www.liebetanz.com\/hsl\/?page_id=303"]}]},{"@type":"ImageObject","inLanguage":"en","@id":"https:\/\/www.liebetanz.com\/hsl\/?page_id=303#primaryimage","url":"https:\/\/www.liebetanz.com\/hsl\/wp-content\/uploads\/2018\/10\/IMG_0857-e1540980088153.jpg","contentUrl":"https:\/\/www.liebetanz.com\/hsl\/wp-content\/uploads\/2018\/10\/IMG_0857-e1540980088153.jpg","width":1536,"height":2048},{"@type":"BreadcrumbList","@id":"https:\/\/www.liebetanz.com\/hsl\/?page_id=303#breadcrumb","itemListElement":[{"@type":"ListItem","position":1,"name":"Home","item":"https:\/\/www.liebetanz.com\/hsl"},{"@type":"ListItem","position":2,"name":"New York, New York!"}]},{"@type":"WebSite","@id":"https:\/\/www.liebetanz.com\/hsl\/#website","url":"https:\/\/www.liebetanz.com\/hsl\/","name":"Horst Seele-Liebetanz","description":"&quot;The most difficult thing is the decision to act, the rest is merely tenacity.&rdquo; (Emilia Earhart)","publisher":{"@id":"https:\/\/www.liebetanz.com\/hsl\/#\/schema\/person\/37e35215e685994cd3674288e2d475b5"},"potentialAction":[{"@type":"SearchAction","target":{"@type":"EntryPoint","urlTemplate":"https:\/\/www.liebetanz.com\/hsl\/?s={search_term_string}"},"query-input":{"@type":"PropertyValueSpecification","valueRequired":true,"valueName":"search_term_string"}}],"inLanguage":"en"},{"@type":["Person","Organization"],"@id":"https:\/\/www.liebetanz.com\/hsl\/#\/schema\/person\/37e35215e685994cd3674288e2d475b5","name":"Horst Seele-Liebetanz","logo":{"@id":"https:\/\/www.liebetanz.com\/hsl\/#\/schema\/person\/image\/"},"description":"Digital Ethicist, Political Communication, Psychology"}]}},"_links":{"self":[{"href":"https:\/\/www.liebetanz.com\/hsl\/index.php?rest_route=\/wp\/v2\/pages\/303","targetHints":{"allow":["GET"]}}],"collection":[{"href":"https:\/\/www.liebetanz.com\/hsl\/index.php?rest_route=\/wp\/v2\/pages"}],"about":[{"href":"https:\/\/www.liebetanz.com\/hsl\/index.php?rest_route=\/wp\/v2\/types\/page"}],"author":[{"embeddable":true,"href":"https:\/\/www.liebetanz.com\/hsl\/index.php?rest_route=\/wp\/v2\/users\/1"}],"replies":[{"embeddable":true,"href":"https:\/\/www.liebetanz.com\/hsl\/index.php?rest_route=%2Fwp%2Fv2%2Fcomments&post=303"}],"version-history":[{"count":6,"href":"https:\/\/www.liebetanz.com\/hsl\/index.php?rest_route=\/wp\/v2\/pages\/303\/revisions"}],"predecessor-version":[{"id":1327,"href":"https:\/\/www.liebetanz.com\/hsl\/index.php?rest_route=\/wp\/v2\/pages\/303\/revisions\/1327"}],"wp:featuredmedia":[{"embeddable":true,"href":"https:\/\/www.liebetanz.com\/hsl\/index.php?rest_route=\/wp\/v2\/media\/1027"}],"wp:attachment":[{"href":"https:\/\/www.liebetanz.com\/hsl\/index.php?rest_route=%2Fwp%2Fv2%2Fmedia&parent=303"}],"curies":[{"name":"wp","href":"https:\/\/api.w.org\/{rel}","templated":true}]}}